{"id":91,"date":"2024-04-19T06:25:58","date_gmt":"2024-04-19T06:25:58","guid":{"rendered":"http:\/\/willbuild-demo.pbminfotech.com\/demo1\/?page_id=23213"},"modified":"2024-11-13T11:08:24","modified_gmt":"2024-11-13T11:08:24","slug":"empresa","status":"publish","type":"page","link":"https:\/\/seyma-alcoy.es\/?page_id=91","title":{"rendered":"Empresa"},"content":{"rendered":"\t\t<div data-elementor-type=\"wp-page\" data-elementor-id=\"91\" class=\"elementor elementor-91\">\n\t\t\t\t\t\t<section class=\"elementor-section elementor-top-section elementor-element elementor-element-75990c5 elementor-section-stretched pbmit-bg-img-hide pbmit-col-stretched-none pbmit-bg-color-over-image elementor-section-boxed elementor-section-height-default elementor-section-height-default\" data-id=\"75990c5\" data-element_type=\"section\" data-settings=\"{&quot;stretch_section&quot;:&quot;section-stretched&quot;,&quot;background_background&quot;:&quot;classic&quot;}\">\n\t\t\t\t\t\t<div class=\"elementor-container elementor-column-gap-no\">\n\t\t\t\t\t<div class=\"elementor-column elementor-col-50 elementor-top-column elementor-element elementor-element-e067cdf pbmit-bg-color-over-image\" data-id=\"e067cdf\" data-element_type=\"column\">\n\t\t\t<div class=\"elementor-widget-wrap elementor-element-populated\">\n\t\t\t\t\t\t<div class=\"elementor-element elementor-element-fad11ad -line elementor-widget-tablet__width-initial pbmit-animation-none elementor-widget elementor-widget-image\" data-id=\"fad11ad\" data-element_type=\"widget\" data-widget_type=\"image.default\">\n\t\t\t\t<div class=\"elementor-widget-container\">\n\t\t\t\t\t\t\t\t\t\t\t\t\t\t\t<img fetchpriority=\"high\" decoding=\"async\" width=\"800\" height=\"600\" src=\"https:\/\/seyma-alcoy.es\/wp-content\/uploads\/2024\/07\/fachada.jpg\" class=\"attachment-full size-full wp-image-493\" alt=\"\" \/>\t\t\t\t\t\t\t\t\t\t\t\t\t\t\t<\/div>\n\t\t\t\t<\/div>\n\t\t\t\t<div class=\"elementor-element elementor-element-f5ff58b pbmit-animation-none elementor-widget elementor-widget-image\" data-id=\"f5ff58b\" data-element_type=\"widget\" data-widget_type=\"image.default\">\n\t\t\t\t<div class=\"elementor-widget-container\">\n\t\t\t\t\t\t\t\t\t\t\t\t\t\t\t<img decoding=\"async\" width=\"847\" height=\"566\" src=\"https:\/\/seyma-alcoy.es\/wp-content\/uploads\/2024\/07\/sol-tZw3fcjUIpM-unsplash.jpg\" class=\"attachment-large size-large wp-image-532\" alt=\"\" \/>\t\t\t\t\t\t\t\t\t\t\t\t\t\t\t<\/div>\n\t\t\t\t<\/div>\n\t\t\t\t\t<\/div>\n\t\t<\/div>\n\t\t\t\t<div class=\"elementor-column elementor-col-50 elementor-top-column elementor-element elementor-element-b50094a pbmit-bg-color-over-image\" data-id=\"b50094a\" data-element_type=\"column\">\n\t\t\t<div class=\"elementor-widget-wrap elementor-element-populated\">\n\t\t\t\t\t\t<div class=\"elementor-section elementor-inner-section elementor-element elementor-element-d12b8f2 pbmit-col-stretched-none pbmit-bg-color-over-image elementor-section-boxed elementor-section-height-default elementor-section-height-default\" data-id=\"d12b8f2\" data-element_type=\"section\">\n\t\t\t\t\t\t<div class=\"elementor-container elementor-column-gap-no\">\n\t\t\t\t\t<div class=\"elementor-column elementor-col-100 elementor-inner-column elementor-element elementor-element-2799860 pbmit-bg-color-over-image\" data-id=\"2799860\" data-element_type=\"column\">\n\t\t\t<div class=\"elementor-widget-wrap elementor-element-populated\">\n\t\t\t\t\t\t<div class=\"elementor-element elementor-element-c134495 elementor-widget elementor-widget-text-editor\" data-id=\"c134495\" data-element_type=\"widget\" data-widget_type=\"text-editor.default\">\n\t\t\t\t<div class=\"elementor-widget-container\">\n\t\t\t\t\t\t\t\t\t<p>La empresa, adem\u00e1s, est\u00e1 plenamente implicada en el valor diferencial de sus propuestas, basadas en el dise\u00f1o personalizado en estilos, accesorios y colores.<\/p><p>Nuestra empresa tiene cinco pilares bien definidos.<\/p>\t\t\t\t\t\t\t\t<\/div>\n\t\t\t\t<\/div>\n\t\t\t\t<div class=\"elementor-element elementor-element-f1e89ab elementor-widget__width-initial elementor-widget elementor-widget-pbmit_heading\" data-id=\"f1e89ab\" data-element_type=\"widget\" data-widget_type=\"pbmit_heading.default\">\n\t\t\t\t<div class=\"elementor-widget-container\">\n\t\t\t\t\t\t<div class=\"pbmit-heading-subheading pbmit-reverse-heading-yes animation-style2\"><h4 class=\"pbmit-element-subtitle\"><span>\n\t\t\t<\/span>\n\t\t\t\n\t\t\t\tAcerca de\n\t\t\t\n\t\t\t<\/h4>\n\t\t<h2 class=\"pbmit-element-title\">\n\t\t\t\n\t\t\t\t\u00bfQuienes somos?\n\t\t\t\n\t\t\t<\/h2>\n\t\t<div class=\"pbmit-heading-desc\">SEYMA ALCOY DIMAL SISTEMAS, S.L.  es una empresa especializada en ventanas de aluminio, rotura puente t\u00e9rmico, pvc, todo tipo de cerramientos, muro cortina y fachadas de panel composite, mamparas de ba\u00f1o, vidrios, persianas, mosquiteras, toldos, puertas y automatismos, a la que su dilatada experiencia y trayectoria en el sector, siempre definida por la alta calidad de sus proyectos, le ha permitido ganarse la confianza de sus clientes.<\/div><\/div>\t\t\t\t<\/div>\n\t\t\t\t<\/div>\n\t\t\t\t<div class=\"elementor-element elementor-element-095883a elementor-widget elementor-widget-text-editor\" data-id=\"095883a\" data-element_type=\"widget\" data-widget_type=\"text-editor.default\">\n\t\t\t\t<div class=\"elementor-widget-container\">\n\t\t\t\t\t\t\t\t\t<ul><li><a href=\"https:\/\/seyma-alcoy.es\/empresa.html#\"><strong>CALIDAD<\/strong><\/a>: Durante todos estos a\u00f1os Seyma Alcoy se ha caracterizado por ofrecer productos de 1\u00aa calidad con acabados profesionales, siguiendo un estudio de las necesidades del cliente, para as\u00ed idear las mejores soluciones. La innovaci\u00f3n y el progreso tanto de nuestra maquinaria como del dise\u00f1o de nuestros productos son proporcionales a nuestro compromiso con el cliente.<\/li><\/ul>\t\t\t\t\t\t\t\t<\/div>\n\t\t\t\t<\/div>\n\t\t\t\t<div class=\"elementor-element elementor-element-7e716b6 elementor-widget__width-initial elementor-widget elementor-widget-text-editor\" data-id=\"7e716b6\" data-element_type=\"widget\" data-widget_type=\"text-editor.default\">\n\t\t\t\t<div class=\"elementor-widget-container\">\n\t\t\t\t\t\t\t\t\t<ul><li><a href=\"https:\/\/seyma-alcoy.es\/empresa.html#\"><strong>GARANTIA<\/strong><\/a>: Seyma Alcoy garantiza el buen funcionamiento de todos sus\u00a0productos. \u00a0<\/li><li><a href=\"https:\/\/seyma-alcoy.es\/empresa.html#\"><strong>CERTIFICADOS Y HOMOLOGACIONES<\/strong><\/a>: Todas nuestras carpinter\u00edas est\u00e1n homologadas cumpliendo la\u00a0<a href=\"https:\/\/seyma-alcoy.es\/idea_marcado_ce.pdf\" target=\"_blank\" rel=\"noopener\">normativa CE<\/a>. Siguiendo las instrucciones del nuevo c\u00f3digo t\u00e9cnico de la edificaci\u00f3n (CTE).<\/li><li><a href=\"https:\/\/seyma-alcoy.es\/empresa.html#\"><strong>SERVICIO<\/strong><\/a>: Para nuestra empresa todos los trabajos tienen la misma importancia, poniendo el mismo empe\u00f1o y dedicaci\u00f3n en el proyecto m\u00e1s peque\u00f1o y en el m\u00e1s complejo.<\/li><li><a href=\"https:\/\/seyma-alcoy.es\/empresa.html#\"><strong>EQUIPO HUMANO<\/strong><\/a>: Unos grandes resultados no se consiguen sin el apoyo de un gran equipo, nuestra f\u00e1brica, oficina y el equipo de montadores est\u00e1 formado por grandes profesionales altamente cualificados para ofrecerle un servicio inigualable.<\/li><\/ul>\t\t\t\t\t\t\t\t<\/div>\n\t\t\t\t<\/div>\n\t\t\t\t\t<\/div>\n\t\t<\/div>\n\t\t\t\t\t<\/div>\n\t\t<\/div>\n\t\t\t\t\t<\/div>\n\t\t<\/div>\n\t\t\t\t\t<\/div>\n\t\t<\/section>\n\t\t\t\t<\/div>\n\t\t","protected":false},"excerpt":{"rendered":"<p>La empresa, adem\u00e1s, est\u00e1 plenamente implicada en el valor diferencial de sus propuestas, basadas en el dise\u00f1o personalizado en estilos, accesorios y colores. Nuestra empresa tiene cinco pilares bien definidos. Acerca de \u00bfQuienes somos? SEYMA ALCOY DIMAL SISTEMAS, S.L. es una empresa especializada en ventanas de aluminio, rotura puente t\u00e9rmico, pvc, todo tipo de cerramientos, [&hellip;]<\/p>\n","protected":false},"author":1,"featured_media":0,"parent":0,"menu_order":5,"comment_status":"closed","ping_status":"closed","template":"","meta":{"_acf_changed":false,"inline_featured_image":false,"footnotes":""},"class_list":["post-91","page","type-page","status-publish","hentry"],"acf":[],"yoast_head":"<!-- This site is optimized with the Yoast SEO plugin v25.2 - https:\/\/yoast.com\/wordpress\/plugins\/seo\/ -->\n<title>Empresa - Seyma Dimal Sistemas<\/title>\n<meta name=\"robots\" content=\"index, follow, max-snippet:-1, max-image-preview:large, max-video-preview:-1\" \/>\n<link rel=\"canonical\" href=\"https:\/\/seyma-alcoy.es\/?page_id=91\" \/>\n<meta property=\"og:locale\" content=\"es_ES\" \/>\n<meta property=\"og:type\" content=\"article\" \/>\n<meta property=\"og:title\" content=\"Empresa - Seyma Dimal Sistemas\" \/>\n<meta property=\"og:description\" content=\"La empresa, adem\u00e1s, est\u00e1 plenamente implicada en el valor diferencial de sus propuestas, basadas en el dise\u00f1o personalizado en estilos, accesorios y colores. Nuestra empresa tiene cinco pilares bien definidos. Acerca de \u00bfQuienes somos? SEYMA ALCOY DIMAL SISTEMAS, S.L. es una empresa especializada en ventanas de aluminio, rotura puente t\u00e9rmico, pvc, todo tipo de cerramientos, [&hellip;]\" \/>\n<meta property=\"og:url\" content=\"https:\/\/seyma-alcoy.es\/?page_id=91\" \/>\n<meta property=\"og:site_name\" content=\"Seyma Dimal Sistemas\" \/>\n<meta property=\"article:modified_time\" content=\"2024-11-13T11:08:24+00:00\" \/>\n<meta property=\"og:image\" content=\"https:\/\/seyma-alcoy.es\/wp-content\/uploads\/2024\/07\/fachada.jpg\" \/>\n<meta name=\"twitter:card\" content=\"summary_large_image\" \/>\n<meta name=\"twitter:label1\" content=\"Tiempo de lectura\" \/>\n\t<meta name=\"twitter:data1\" content=\"2 minutos\" \/>\n<script type=\"application\/ld+json\" class=\"yoast-schema-graph\">{\"@context\":\"https:\/\/schema.org\",\"@graph\":[{\"@type\":\"WebPage\",\"@id\":\"https:\/\/seyma-alcoy.es\/?page_id=91\",\"url\":\"https:\/\/seyma-alcoy.es\/?page_id=91\",\"name\":\"Empresa - Seyma Dimal Sistemas\",\"isPartOf\":{\"@id\":\"https:\/\/seyma-alcoy.es\/#website\"},\"primaryImageOfPage\":{\"@id\":\"https:\/\/seyma-alcoy.es\/?page_id=91#primaryimage\"},\"image\":{\"@id\":\"https:\/\/seyma-alcoy.es\/?page_id=91#primaryimage\"},\"thumbnailUrl\":\"https:\/\/seyma-alcoy.es\/wp-content\/uploads\/2024\/07\/fachada.jpg\",\"datePublished\":\"2024-04-19T06:25:58+00:00\",\"dateModified\":\"2024-11-13T11:08:24+00:00\",\"breadcrumb\":{\"@id\":\"https:\/\/seyma-alcoy.es\/?page_id=91#breadcrumb\"},\"inLanguage\":\"es\",\"potentialAction\":[{\"@type\":\"ReadAction\",\"target\":[\"https:\/\/seyma-alcoy.es\/?page_id=91\"]}]},{\"@type\":\"ImageObject\",\"inLanguage\":\"es\",\"@id\":\"https:\/\/seyma-alcoy.es\/?page_id=91#primaryimage\",\"url\":\"https:\/\/seyma-alcoy.es\/wp-content\/uploads\/2024\/07\/fachada.jpg\",\"contentUrl\":\"https:\/\/seyma-alcoy.es\/wp-content\/uploads\/2024\/07\/fachada.jpg\",\"width\":800,\"height\":600,\"caption\":\"\u00f8;\"},{\"@type\":\"BreadcrumbList\",\"@id\":\"https:\/\/seyma-alcoy.es\/?page_id=91#breadcrumb\",\"itemListElement\":[{\"@type\":\"ListItem\",\"position\":1,\"name\":\"Portada\",\"item\":\"https:\/\/seyma-alcoy.es\/\"},{\"@type\":\"ListItem\",\"position\":2,\"name\":\"Empresa\"}]},{\"@type\":\"WebSite\",\"@id\":\"https:\/\/seyma-alcoy.es\/#website\",\"url\":\"https:\/\/seyma-alcoy.es\/\",\"name\":\"Seyma Dimal Sistemas\",\"description\":\"\",\"potentialAction\":[{\"@type\":\"SearchAction\",\"target\":{\"@type\":\"EntryPoint\",\"urlTemplate\":\"https:\/\/seyma-alcoy.es\/?s={search_term_string}\"},\"query-input\":{\"@type\":\"PropertyValueSpecification\",\"valueRequired\":true,\"valueName\":\"search_term_string\"}}],\"inLanguage\":\"es\"}]}<\/script>\n<!-- \/ Yoast SEO plugin. -->","yoast_head_json":{"title":"Empresa - Seyma Dimal Sistemas","robots":{"index":"index","follow":"follow","max-snippet":"max-snippet:-1","max-image-preview":"max-image-preview:large","max-video-preview":"max-video-preview:-1"},"canonical":"https:\/\/seyma-alcoy.es\/?page_id=91","og_locale":"es_ES","og_type":"article","og_title":"Empresa - Seyma Dimal Sistemas","og_description":"La empresa, adem\u00e1s, est\u00e1 plenamente implicada en el valor diferencial de sus propuestas, basadas en el dise\u00f1o personalizado en estilos, accesorios y colores. Nuestra empresa tiene cinco pilares bien definidos. Acerca de \u00bfQuienes somos? SEYMA ALCOY DIMAL SISTEMAS, S.L. es una empresa especializada en ventanas de aluminio, rotura puente t\u00e9rmico, pvc, todo tipo de cerramientos, [&hellip;]","og_url":"https:\/\/seyma-alcoy.es\/?page_id=91","og_site_name":"Seyma Dimal Sistemas","article_modified_time":"2024-11-13T11:08:24+00:00","og_image":[{"url":"https:\/\/seyma-alcoy.es\/wp-content\/uploads\/2024\/07\/fachada.jpg","type":"","width":"","height":""}],"twitter_card":"summary_large_image","twitter_misc":{"Tiempo de lectura":"2 minutos"},"schema":{"@context":"https:\/\/schema.org","@graph":[{"@type":"WebPage","@id":"https:\/\/seyma-alcoy.es\/?page_id=91","url":"https:\/\/seyma-alcoy.es\/?page_id=91","name":"Empresa - Seyma Dimal Sistemas","isPartOf":{"@id":"https:\/\/seyma-alcoy.es\/#website"},"primaryImageOfPage":{"@id":"https:\/\/seyma-alcoy.es\/?page_id=91#primaryimage"},"image":{"@id":"https:\/\/seyma-alcoy.es\/?page_id=91#primaryimage"},"thumbnailUrl":"https:\/\/seyma-alcoy.es\/wp-content\/uploads\/2024\/07\/fachada.jpg","datePublished":"2024-04-19T06:25:58+00:00","dateModified":"2024-11-13T11:08:24+00:00","breadcrumb":{"@id":"https:\/\/seyma-alcoy.es\/?page_id=91#breadcrumb"},"inLanguage":"es","potentialAction":[{"@type":"ReadAction","target":["https:\/\/seyma-alcoy.es\/?page_id=91"]}]},{"@type":"ImageObject","inLanguage":"es","@id":"https:\/\/seyma-alcoy.es\/?page_id=91#primaryimage","url":"https:\/\/seyma-alcoy.es\/wp-content\/uploads\/2024\/07\/fachada.jpg","contentUrl":"https:\/\/seyma-alcoy.es\/wp-content\/uploads\/2024\/07\/fachada.jpg","width":800,"height":600,"caption":"\u00f8;"},{"@type":"BreadcrumbList","@id":"https:\/\/seyma-alcoy.es\/?page_id=91#breadcrumb","itemListElement":[{"@type":"ListItem","position":1,"name":"Portada","item":"https:\/\/seyma-alcoy.es\/"},{"@type":"ListItem","position":2,"name":"Empresa"}]},{"@type":"WebSite","@id":"https:\/\/seyma-alcoy.es\/#website","url":"https:\/\/seyma-alcoy.es\/","name":"Seyma Dimal Sistemas","description":"","potentialAction":[{"@type":"SearchAction","target":{"@type":"EntryPoint","urlTemplate":"https:\/\/seyma-alcoy.es\/?s={search_term_string}"},"query-input":{"@type":"PropertyValueSpecification","valueRequired":true,"valueName":"search_term_string"}}],"inLanguage":"es"}]}},"_links":{"self":[{"href":"https:\/\/seyma-alcoy.es\/index.php?rest_route=\/wp\/v2\/pages\/91","targetHints":{"allow":["GET"]}}],"collection":[{"href":"https:\/\/seyma-alcoy.es\/index.php?rest_route=\/wp\/v2\/pages"}],"about":[{"href":"https:\/\/seyma-alcoy.es\/index.php?rest_route=\/wp\/v2\/types\/page"}],"author":[{"embeddable":true,"href":"https:\/\/seyma-alcoy.es\/index.php?rest_route=\/wp\/v2\/users\/1"}],"replies":[{"embeddable":true,"href":"https:\/\/seyma-alcoy.es\/index.php?rest_route=%2Fwp%2Fv2%2Fcomments&post=91"}],"version-history":[{"count":47,"href":"https:\/\/seyma-alcoy.es\/index.php?rest_route=\/wp\/v2\/pages\/91\/revisions"}],"predecessor-version":[{"id":865,"href":"https:\/\/seyma-alcoy.es\/index.php?rest_route=\/wp\/v2\/pages\/91\/revisions\/865"}],"wp:attachment":[{"href":"https:\/\/seyma-alcoy.es\/index.php?rest_route=%2Fwp%2Fv2%2Fmedia&parent=91"}],"curies":[{"name":"wp","href":"https:\/\/api.w.org\/{rel}","templated":true}]}}